{"id":33,"date":"2017-10-08T09:59:16","date_gmt":"2017-10-08T09:59:16","guid":{"rendered":"http:\/\/reisen.muehlhausen-tourist.de\/?page_id=33"},"modified":"2023-12-12T13:40:13","modified_gmt":"2023-12-12T13:40:13","slug":"preise","status":"publish","type":"page","link":"http:\/\/reisen.muehlhausen-tourist.de\/?page_id=33","title":{"rendered":"Preise"},"content":{"rendered":"<table>\n<tbody>\n<tr bgcolor=\"#F2F5A9\">\n<td colspan=\"2\" width=\"614\"><span class=\"subject\">Eventuelle \u00c4nderungen der F\u00fchrungspreise behalte ich mir vor.<br \/>Bei den Preisen der F\u00fchrungen ist keine Umsatzsteuer ausgewiesen laut \u00a7 19 UstG.<\/span><\/td>\n<\/tr>\n<tr bgcolor=\"#CEF6F5\">\n<td width=\"253\">Hexen, Huren, Halsabschneider<\/td>\n<td width=\"361\">\n<div align=\"left\"><span class=\"subject\">ca. 1,5 Stunden f\u00fcr den Rundgang<br \/>Preis: 9,00 \u20ac \/Person<br \/><\/span><span class=\"subject\">1 Fackel: 3,00 Euro<\/span><\/div>\n<\/td>\n<\/tr>\n<tr>\n<td width=\"253\">\u00a0<\/td>\n<td width=\"361\">\u00a0<\/td>\n<\/tr>\n<tr bgcolor=\"#CEF6F5\">\n<td width=\"253\">\u00a0Brauereibesichtigung<\/td>\n<td width=\"361\"><span class=\"subject\">Dauer: ca. 0,5 Stunden<\/span><br \/>Preis: 6<span class=\"subject\">,00 \u20ac \/Person<\/span><\/td>\n<\/tr>\n<tr>\n<td width=\"253\">\u00a0Weihnachtsfeier<\/td>\n<td width=\"361\">Preis: 9,00 \u20ac \/Person f\u00fcr Stadtf\u00fchrung<br \/>Essen: a la Carte<\/td>\n<\/tr>\n<tr bgcolor=\"#CEF6F5\">\n<td width=\"253\">\u00a0<\/td>\n<td width=\"361\">\u00a0<\/td>\n<\/tr>\n<tr>\n<td width=\"253\">\u00a0Sagenabend<\/td>\n<td width=\"361\"><span class=\"subject\">Dauer: ca. 45 Minuten<\/span><br \/>Preis: 9<span class=\"subject\">,00 \u20ac \/Person<\/span><\/td>\n<\/tr>\n<tr bgcolor=\"#CEF6F5\">\n<td width=\"253\">\u00a0<\/td>\n<td width=\"361\"><span class=\"subject\">\u00a0<\/span><\/td>\n<\/tr>\n<tr>\n<td width=\"253\">M\u00fchlhausen<br \/>kulinarisch &amp; kulturell<\/td>\n<td width=\"361\"><span class=\"subject\">Dauer ca. 1,5 Stunden f\u00fcr den n\u00e4chtlichen Rundgang<\/span><br \/>Preis: 9<span class=\"subject\">,00 \u20ac \/Person<\/span><\/td>\n<\/tr>\n<tr bgcolor=\"#CEF6F5\">\n<td width=\"253\">\u00a0Stadtf\u00fchrung thematisch<\/td>\n<td width=\"361\">Dauer der F\u00fchrung: 1,5 Stunden<br \/>Preis: 9,00 \u20ac\/ Person<\/td>\n<\/tr>\n<tr>\n<td width=\"253\">\u00a0Nachtf\u00fchrungen<\/td>\n<td width=\"361\"><span class=\"subject\">Dauer dieser F\u00fchrung: ca. 1,5 Stunden<\/span><br \/>Preis: 9<span class=\"subject\">,00 \u20ac \/Person<\/span><br \/><span class=\"subject\">1 Fackel: 3,00 \u20ac<\/span><\/td>\n<\/tr>\n<tr bgcolor=\"#CEF6F5\">\n<td width=\"253\">\u00a0<span style=\"color: #003366; font-family: Arial,Helvetica,Geneva,Swiss,SunSans-Regular; font-size: medium;\">Stadtf\u00fchrung allgemein<\/span><\/td>\n<td width=\"361\"><span class=\"subject\"><span class=\"subject\">Dauer dieser F\u00fchrung: ca. 1,5 Stunden<br \/>Preis: 9,00 Euro \/ Person<span class=\"subject\"><br \/><\/span><\/span><\/span><\/td>\n<\/tr>\n<tr>\n<td width=\"253\">\u00a0Ritteressen<\/td>\n<td width=\"361\">Dauer: ca. 2,5 Stunden<br \/>Kosten \/ Moderation: 75,00 \u20ac<br \/>Ab 10 Personen bis 40 Personen<\/td>\n<\/tr>\n<tr bgcolor=\"#CEF6F5\">\n<td width=\"253\">\u00a0<\/td>\n<td width=\"361\">\u00a0<\/td>\n<\/tr>\n<tr>\n<td width=\"253\">\u00a0<\/td>\n<td width=\"361\">\u00a0<\/td>\n<\/tr>\n<tr bgcolor=\"#CEF6F5\">\n<td width=\"253\">\n<p>Kinder bis 10 Jahre : 3,00 \u20ac pro Person<\/p>\n<p>\u00a0<\/p>\n<\/td>\n<td width=\"361\">\u00a0<\/td>\n<\/tr>\n<tr>\n<td width=\"253\">\u00a0<\/td>\n<td width=\"361\">\u00a0<\/td>\n<\/tr>\n<tr bgcolor=\"#CEF6F5\">\n<td width=\"253\">\u00a0<\/td>\n<td width=\"361\">\u00a0<\/td>\n<\/tr>\n<\/tbody>\n<\/table>\n\n\n<p><\/p>\n","protected":false},"excerpt":{"rendered":"<p>Eventuelle \u00c4nderungen der F\u00fchrungspreise behalte ich mir vor.Bei den Preisen der F\u00fchrungen ist keine Umsatzsteuer ausgewiesen laut \u00a7 19 UstG. Hexen, Huren, Halsabschneider ca. 1,5 Stunden f\u00fcr den RundgangPreis: 9,00 \u20ac \/Person1 Fackel: 3,00 Euro \u00a0 \u00a0 \u00a0Brauereibesichtigung Dauer: ca. 0,5 StundenPreis: 6,00 \u20ac \/Person \u00a0Weihnachtsfeier Preis: 9,00 \u20ac \/Person f\u00fcr Stadtf\u00fchrungEssen: a la Carte &hellip; <\/p>\n<p class=\"link-more\"><a href=\"http:\/\/reisen.muehlhausen-tourist.de\/?page_id=33\" class=\"more-link\"><span class=\"screen-reader-text\">&#8222;Preise&#8220;<\/span> weiterlesen<\/a><\/p>\n","protected":false},"author":1,"featured_media":0,"parent":0,"menu_order":0,"comment_status":"closed","ping_status":"closed","template":"","meta":[],"_links":{"self":[{"href":"http:\/\/reisen.muehlhausen-tourist.de\/index.php?rest_route=\/wp\/v2\/pages\/33"}],"collection":[{"href":"http:\/\/reisen.muehlhausen-tourist.de\/index.php?rest_route=\/wp\/v2\/pages"}],"about":[{"href":"http:\/\/reisen.muehlhausen-tourist.de\/index.php?rest_route=\/wp\/v2\/types\/page"}],"author":[{"embeddable":true,"href":"http:\/\/reisen.muehlhausen-tourist.de\/index.php?rest_route=\/wp\/v2\/users\/1"}],"replies":[{"embeddable":true,"href":"http:\/\/reisen.muehlhausen-tourist.de\/index.php?rest_route=%2Fwp%2Fv2%2Fcomments&post=33"}],"version-history":[{"count":33,"href":"http:\/\/reisen.muehlhausen-tourist.de\/index.php?rest_route=\/wp\/v2\/pages\/33\/revisions"}],"predecessor-version":[{"id":325,"href":"http:\/\/reisen.muehlhausen-tourist.de\/index.php?rest_route=\/wp\/v2\/pages\/33\/revisions\/325"}],"wp:attachment":[{"href":"http:\/\/reisen.muehlhausen-tourist.de\/index.php?rest_route=%2Fwp%2Fv2%2Fmedia&parent=33"}],"curies":[{"name":"wp","href":"https:\/\/api.w.org\/{rel}","templated":true}]}}