{"id":218,"date":"2017-10-25T09:34:39","date_gmt":"2017-10-25T09:34:39","guid":{"rendered":"http:\/\/reisen.muehlhausen-tourist.de\/?page_id=218"},"modified":"2023-12-12T19:00:56","modified_gmt":"2023-12-12T19:00:56","slug":"kalender","status":"publish","type":"page","link":"http:\/\/reisen.muehlhausen-tourist.de\/?page_id=218","title":{"rendered":"Termine"},"content":{"rendered":"<p><strong>Sonderf\u00fchrung: \u00a0 Hexen, Huren, Halsabschneidertour<\/strong><\/p>\n<p>Diese nichtallt\u00e4gliche F\u00fchrung ist zu jeder Zeit als Tages- oder Abendf\u00fchrung buchbar. Treffpunkt nach Absprache. Harald Schmidt als M\u00f6nch \u201eHeinrich Pfeiffer\u201c f\u00fchrt Sie durch die Strassen und Gassen in eine l\u00e4ngst vergessene Zeit M\u00fchlhausens von der man heute kaum etwas kennt. Von den Pl\u00e4tzen der Hinrichtungen \u00fcber die ehemaligen Bordelle bis hin zum Hexenwahn der damaligen Zeit spannt sich der Bogen dieser F\u00fchrung.<\/p>\n<p>Kosten: 9,00 \u20ac pro Person<\/p>\n<p>Jeden Samstag und Sonntag um 10.00 Uhr Treffpunkt: Felchtaer Str. 2-4 an der Rezeption Brauhaus \u201eZum L\u00f6wen\u201c<\/p>\n<p><strong>Brauereif\u00fchrung im Brauhaus \u201eZum L\u00f6wen\u201c im M\u00fchlhausen<\/strong><\/p>\n<p>In fr\u00fcheren Zeiten ist M\u00fchlhausen einmal als die Stadt der \u201eGuten Biere\u201c bezeichnet worden.Heute wird die Tradition des Bierbrauens hier weiter fortgesetzt. Sie erfahren nicht nur den Brauprozess sondern auch die Geschichte des Bieres vom Mittelalter bis heute. Die F\u00fchrung mit Harald Schmidt als M\u00f6nch \u201eHeinrich Pfeiffer\u201c beinhaltet Zwei Bierchips und ein Erinnerungsglas.<\/p>\n<p>Kosten: 6,00 \u20ac pro Person<\/p>\n<p><code><\/code><\/p>\n<p>Jeden Samstag und Sonntag um 10.30 Uhr Treffpunkt: Felchtaer Str. 2-4 an der Rezeption Brauhaus \u201eZum L\u00f6wen\u201c<\/p>\n<p><strong>Stadtf\u00fchrung M\u00fchlhausen<\/strong><\/p>\n<p>Bei der Tour steht die historische Geschichte der Stadt im Vordergrund. Harald Schmidt als M\u00f6nch \u201eHeinrich Pfeiffer\u201c zeigt die verschiedensten Facetten M\u00fchlhausens bei dieser unterhaltsamen F\u00fchrung, die aber alle historisch belegt sind.<\/p>\n<p>Kosten: 9,00 \u20ac pro Person<\/p>\n","protected":false},"excerpt":{"rendered":"<p>Sonderf\u00fchrung: \u00a0 Hexen, Huren, Halsabschneidertour Diese nichtallt\u00e4gliche F\u00fchrung ist zu jeder Zeit als Tages- oder Abendf\u00fchrung buchbar. Treffpunkt nach Absprache. Harald Schmidt als M\u00f6nch \u201eHeinrich Pfeiffer\u201c f\u00fchrt Sie durch die Strassen und Gassen in eine l\u00e4ngst vergessene Zeit M\u00fchlhausens von der man heute kaum etwas kennt. Von den Pl\u00e4tzen der Hinrichtungen \u00fcber die ehemaligen Bordelle &hellip; <\/p>\n<p class=\"link-more\"><a href=\"http:\/\/reisen.muehlhausen-tourist.de\/?page_id=218\" class=\"more-link\"><span class=\"screen-reader-text\">&#8222;Termine&#8220;<\/span> weiterlesen<\/a><\/p>\n","protected":false},"author":1,"featured_media":0,"parent":0,"menu_order":0,"comment_status":"closed","ping_status":"closed","template":"","meta":[],"_links":{"self":[{"href":"http:\/\/reisen.muehlhausen-tourist.de\/index.php?rest_route=\/wp\/v2\/pages\/218"}],"collection":[{"href":"http:\/\/reisen.muehlhausen-tourist.de\/index.php?rest_route=\/wp\/v2\/pages"}],"about":[{"href":"http:\/\/reisen.muehlhausen-tourist.de\/index.php?rest_route=\/wp\/v2\/types\/page"}],"author":[{"embeddable":true,"href":"http:\/\/reisen.muehlhausen-tourist.de\/index.php?rest_route=\/wp\/v2\/users\/1"}],"replies":[{"embeddable":true,"href":"http:\/\/reisen.muehlhausen-tourist.de\/index.php?rest_route=%2Fwp%2Fv2%2Fcomments&post=218"}],"version-history":[{"count":18,"href":"http:\/\/reisen.muehlhausen-tourist.de\/index.php?rest_route=\/wp\/v2\/pages\/218\/revisions"}],"predecessor-version":[{"id":331,"href":"http:\/\/reisen.muehlhausen-tourist.de\/index.php?rest_route=\/wp\/v2\/pages\/218\/revisions\/331"}],"wp:attachment":[{"href":"http:\/\/reisen.muehlhausen-tourist.de\/index.php?rest_route=%2Fwp%2Fv2%2Fmedia&parent=218"}],"curies":[{"name":"wp","href":"https:\/\/api.w.org\/{rel}","templated":true}]}}