{"id":185,"date":"2017-10-09T13:09:06","date_gmt":"2017-10-09T13:09:06","guid":{"rendered":"http:\/\/reisen.muehlhausen-tourist.de\/?page_id=185"},"modified":"2023-12-12T18:55:30","modified_gmt":"2023-12-12T18:55:30","slug":"ritteressen","status":"publish","type":"page","link":"http:\/\/reisen.muehlhausen-tourist.de\/?page_id=185","title":{"rendered":"Ritteressen"},"content":{"rendered":"<div align=\"left\">Der Ritterabend ist im Brauhaus &#8222;Zum L\u00f6wen&#8220; buchbar. Unter dem Motto \u201eSchlemmen wie im Mittelalter\u201c gibt es f\u00fcr die geneigte G\u00e4steschar einen Abend mit Sagen, Pranger und Ritterschlag. Nach einer F\u00fchrung durch den historischen Geb\u00e4udekomplex wird der Gast mit alten Tischsitten vertraut gemacht. Im Laufe des Abends wird sowohl ein Urteil am Pranger vollstreckt, als auch nach einem spannenden Wettstreit zweier Knappen der Ritterschlag feierlich vollzogen. \u201eKnechte und M\u00e4gde\u201c sorgen f\u00fcr Speis und Trank. Auf der Tafel werden die unterschiedlichsten Speisen gereicht. H\u00e4hnchenkeulen und schweinerne Haxen bilden den H\u00f6hepunkt. Zwischen den G\u00e4ngen wird Ihnen der M\u00f6nch \u201eHeinrich Pfeiffer\u201c h\u00f6fischen Sitten und Gebr\u00e4uche n\u00e4her bringen. Ein Abend f\u00fcr alle, die mit Ihren Freunden, Verwandten oder Bekannten ein Erlebnismen\u00fc im Mittelalterflair erleben m\u00f6chten.<\/div>\n<div align=\"left\"><\/div>\n<div align=\"left\"><span style=\"color: #ff0000;\"><span class=\"subject\">Eventuelle \u00c4nderungen der F\u00fchrungspreise behalte ich mir vor.<br \/>\nBei den Preisen der F\u00fchrungen ist keine Umsatzsteuer ausgewiesen laut \u00a7 19 UstG.<\/span><\/span><\/div>\n","protected":false},"excerpt":{"rendered":"<p>Der Ritterabend ist im Brauhaus &#8222;Zum L\u00f6wen&#8220; buchbar. Unter dem Motto \u201eSchlemmen wie im Mittelalter\u201c gibt es f\u00fcr die geneigte G\u00e4steschar einen Abend mit Sagen, Pranger und Ritterschlag. Nach einer F\u00fchrung durch den historischen Geb\u00e4udekomplex wird der Gast mit alten Tischsitten vertraut gemacht. Im Laufe des Abends wird sowohl ein Urteil am Pranger vollstreckt, als &hellip; <\/p>\n<p class=\"link-more\"><a href=\"http:\/\/reisen.muehlhausen-tourist.de\/?page_id=185\" class=\"more-link\"><span class=\"screen-reader-text\">&#8222;Ritteressen&#8220;<\/span> weiterlesen<\/a><\/p>\n","protected":false},"author":1,"featured_media":0,"parent":0,"menu_order":0,"comment_status":"closed","ping_status":"closed","template":"","meta":[],"_links":{"self":[{"href":"http:\/\/reisen.muehlhausen-tourist.de\/index.php?rest_route=\/wp\/v2\/pages\/185"}],"collection":[{"href":"http:\/\/reisen.muehlhausen-tourist.de\/index.php?rest_route=\/wp\/v2\/pages"}],"about":[{"href":"http:\/\/reisen.muehlhausen-tourist.de\/index.php?rest_route=\/wp\/v2\/types\/page"}],"author":[{"embeddable":true,"href":"http:\/\/reisen.muehlhausen-tourist.de\/index.php?rest_route=\/wp\/v2\/users\/1"}],"replies":[{"embeddable":true,"href":"http:\/\/reisen.muehlhausen-tourist.de\/index.php?rest_route=%2Fwp%2Fv2%2Fcomments&post=185"}],"version-history":[{"count":6,"href":"http:\/\/reisen.muehlhausen-tourist.de\/index.php?rest_route=\/wp\/v2\/pages\/185\/revisions"}],"predecessor-version":[{"id":328,"href":"http:\/\/reisen.muehlhausen-tourist.de\/index.php?rest_route=\/wp\/v2\/pages\/185\/revisions\/328"}],"wp:attachment":[{"href":"http:\/\/reisen.muehlhausen-tourist.de\/index.php?rest_route=%2Fwp%2Fv2%2Fmedia&parent=185"}],"curies":[{"name":"wp","href":"https:\/\/api.w.org\/{rel}","templated":true}]}}