{"id":178,"date":"2017-10-09T12:55:58","date_gmt":"2017-10-09T12:55:58","guid":{"rendered":"http:\/\/reisen.muehlhausen-tourist.de\/?page_id=178"},"modified":"2023-12-12T18:57:00","modified_gmt":"2023-12-12T18:57:00","slug":"stadtfuehrung-allgemein","status":"publish","type":"page","link":"http:\/\/reisen.muehlhausen-tourist.de\/?page_id=178","title":{"rendered":"Stadtf\u00fchrung allgemein"},"content":{"rendered":"<p><span class=\"subject\"><img decoding=\"async\" loading=\"lazy\" class=\"size-medium wp-image-179 alignleft\" src=\"http:\/\/reisen.muehlhausen-tourist.de\/wp-content\/uploads\/2017\/10\/Rabenturm-und-Frauentor-900-300x97.jpg\" alt=\"\" width=\"300\" height=\"97\" srcset=\"http:\/\/reisen.muehlhausen-tourist.de\/wp-content\/uploads\/2017\/10\/Rabenturm-und-Frauentor-900-300x97.jpg 300w, http:\/\/reisen.muehlhausen-tourist.de\/wp-content\/uploads\/2017\/10\/Rabenturm-und-Frauentor-900-768x248.jpg 768w, http:\/\/reisen.muehlhausen-tourist.de\/wp-content\/uploads\/2017\/10\/Rabenturm-und-Frauentor-900.jpg 900w\" sizes=\"(max-width: 300px) 100vw, 300px\" \/>Bei einer allgemeinen Stadtf\u00fchrung gebe ich eine historische Einf\u00fchrung vom Jahr 967 bis hin zur Gegenwart. Auf dem Rundgang wird die Stadtmauer mit Wehrgang, die Oberstadt mit ihren wichtigsten Bauten, die Marienkirche, der Obermarkt, das Rathaus, der Untermarkt, die Divi-Blasii Kirche und weitere historische Bauten vorgestellt. Ein Besuch des Wehrganges, einer der wenigen teilweise begehbaren Stadtmauern Deutschlands, der Marienkirche der zweitgr\u00f6\u00dften Kirche Th\u00fcringens und der Kornmarktkirche, der jetzigen Gedenkst\u00e4tte des deutschen Bauernkrieges kann mit eingeplant werden. Ich weise darauf hin, dass die Eintrittskosten nicht in den F\u00fchrungskosten enthalten sind.<\/span><\/p>\n<p>F\u00fchrung buchbar ab 5 Personen\u00a0 !!!<\/p>\n<p><span style=\"color: #ff0000;\"><span class=\"subject\">Eventuelle \u00c4nderungen der F\u00fchrungspreise behalte ich mir vor.<br \/>\nBei den Preisen der F\u00fchrungen ist keine Umsatzsteuer ausgewiesen laut \u00a7 19 UstG.<\/span><\/span><\/p>\n","protected":false},"excerpt":{"rendered":"<p>Bei einer allgemeinen Stadtf\u00fchrung gebe ich eine historische Einf\u00fchrung vom Jahr 967 bis hin zur Gegenwart. Auf dem Rundgang wird die Stadtmauer mit Wehrgang, die Oberstadt mit ihren wichtigsten Bauten, die Marienkirche, der Obermarkt, das Rathaus, der Untermarkt, die Divi-Blasii Kirche und weitere historische Bauten vorgestellt. Ein Besuch des Wehrganges, einer der wenigen teilweise begehbaren &hellip; <\/p>\n<p class=\"link-more\"><a href=\"http:\/\/reisen.muehlhausen-tourist.de\/?page_id=178\" class=\"more-link\"><span class=\"screen-reader-text\">&#8222;Stadtf\u00fchrung allgemein&#8220;<\/span> weiterlesen<\/a><\/p>\n","protected":false},"author":1,"featured_media":0,"parent":0,"menu_order":0,"comment_status":"closed","ping_status":"closed","template":"","meta":[],"_links":{"self":[{"href":"http:\/\/reisen.muehlhausen-tourist.de\/index.php?rest_route=\/wp\/v2\/pages\/178"}],"collection":[{"href":"http:\/\/reisen.muehlhausen-tourist.de\/index.php?rest_route=\/wp\/v2\/pages"}],"about":[{"href":"http:\/\/reisen.muehlhausen-tourist.de\/index.php?rest_route=\/wp\/v2\/types\/page"}],"author":[{"embeddable":true,"href":"http:\/\/reisen.muehlhausen-tourist.de\/index.php?rest_route=\/wp\/v2\/users\/1"}],"replies":[{"embeddable":true,"href":"http:\/\/reisen.muehlhausen-tourist.de\/index.php?rest_route=%2Fwp%2Fv2%2Fcomments&post=178"}],"version-history":[{"count":3,"href":"http:\/\/reisen.muehlhausen-tourist.de\/index.php?rest_route=\/wp\/v2\/pages\/178\/revisions"}],"predecessor-version":[{"id":329,"href":"http:\/\/reisen.muehlhausen-tourist.de\/index.php?rest_route=\/wp\/v2\/pages\/178\/revisions\/329"}],"wp:attachment":[{"href":"http:\/\/reisen.muehlhausen-tourist.de\/index.php?rest_route=%2Fwp%2Fv2%2Fmedia&parent=178"}],"curies":[{"name":"wp","href":"https:\/\/api.w.org\/{rel}","templated":true}]}}