{"id":170,"date":"2017-10-09T12:48:01","date_gmt":"2017-10-09T12:48:01","guid":{"rendered":"http:\/\/reisen.muehlhausen-tourist.de\/?page_id=170"},"modified":"2023-12-11T17:00:27","modified_gmt":"2023-12-11T17:00:27","slug":"nachtfuehrungen","status":"publish","type":"page","link":"http:\/\/reisen.muehlhausen-tourist.de\/?page_id=170","title":{"rendered":"Nachtf\u00fchrungen"},"content":{"rendered":"<p><span class=\"subject\">Bei einer Nachtf\u00fchrung haben Sie die Wahl zwischen zwei Routen. Einmal die<img decoding=\"async\" loading=\"lazy\" class=\"size-medium wp-image-173 alignleft\" src=\"http:\/\/reisen.muehlhausen-tourist.de\/wp-content\/uploads\/2017\/10\/IMG_0017-300x206.jpg\" alt=\"\" width=\"300\" height=\"206\" srcset=\"http:\/\/reisen.muehlhausen-tourist.de\/wp-content\/uploads\/2017\/10\/IMG_0017-300x206.jpg 300w, http:\/\/reisen.muehlhausen-tourist.de\/wp-content\/uploads\/2017\/10\/IMG_0017.jpg 500w\" sizes=\"(max-width: 300px) 100vw, 300px\" \/> Route einer normalen Stadtf\u00fchrung, zum anderen den Weg \u00fcber kleine Gassen und Strassen die nicht so h\u00e4ufig besucht werden. Hier erfahren Sie Wissenswertes \u00fcber Handwerk und Geschichte der Stadt. Auf Wunsch kann jeder Teilnehmer auf einer Nachtf\u00fchrung mit einer Fackel ausgestattet werden. Beginn dieser Tour bei Anbruch der Dunkelheit, je nach Jahreszeit.<br \/>\nAuf Wunsch wird vor oder nach der F\u00fchrung eine Reservierung in einem Restaurant Ihrer Wahl organisiert.<br \/>\n<\/span><\/p>\n<p>F\u00fchrung buchbar ab 5 Personen\u00a0 !!!<\/p>\n<p><span style=\"color: #ff0000;\"><span class=\"subject\">Eventuelle \u00c4nderungen der F\u00fchrungspreise behalte ich mir vor.<br \/>\nBei den Preisen der F\u00fchrungen ist keine Umsatzsteuer ausgewiesen laut \u00a7 19 UstG.<\/span><\/span><\/p>\n","protected":false},"excerpt":{"rendered":"<p>Bei einer Nachtf\u00fchrung haben Sie die Wahl zwischen zwei Routen. Einmal die Route einer normalen Stadtf\u00fchrung, zum anderen den Weg \u00fcber kleine Gassen und Strassen die nicht so h\u00e4ufig besucht werden. Hier erfahren Sie Wissenswertes \u00fcber Handwerk und Geschichte der Stadt. Auf Wunsch kann jeder Teilnehmer auf einer Nachtf\u00fchrung mit einer Fackel ausgestattet werden. Beginn &hellip; <\/p>\n<p class=\"link-more\"><a href=\"http:\/\/reisen.muehlhausen-tourist.de\/?page_id=170\" class=\"more-link\"><span class=\"screen-reader-text\">&#8222;Nachtf\u00fchrungen&#8220;<\/span> weiterlesen<\/a><\/p>\n","protected":false},"author":1,"featured_media":0,"parent":0,"menu_order":0,"comment_status":"closed","ping_status":"closed","template":"","meta":[],"_links":{"self":[{"href":"http:\/\/reisen.muehlhausen-tourist.de\/index.php?rest_route=\/wp\/v2\/pages\/170"}],"collection":[{"href":"http:\/\/reisen.muehlhausen-tourist.de\/index.php?rest_route=\/wp\/v2\/pages"}],"about":[{"href":"http:\/\/reisen.muehlhausen-tourist.de\/index.php?rest_route=\/wp\/v2\/types\/page"}],"author":[{"embeddable":true,"href":"http:\/\/reisen.muehlhausen-tourist.de\/index.php?rest_route=\/wp\/v2\/users\/1"}],"replies":[{"embeddable":true,"href":"http:\/\/reisen.muehlhausen-tourist.de\/index.php?rest_route=%2Fwp%2Fv2%2Fcomments&post=170"}],"version-history":[{"count":3,"href":"http:\/\/reisen.muehlhausen-tourist.de\/index.php?rest_route=\/wp\/v2\/pages\/170\/revisions"}],"predecessor-version":[{"id":321,"href":"http:\/\/reisen.muehlhausen-tourist.de\/index.php?rest_route=\/wp\/v2\/pages\/170\/revisions\/321"}],"wp:attachment":[{"href":"http:\/\/reisen.muehlhausen-tourist.de\/index.php?rest_route=%2Fwp%2Fv2%2Fmedia&parent=170"}],"curies":[{"name":"wp","href":"https:\/\/api.w.org\/{rel}","templated":true}]}}