{"id":159,"date":"2017-10-09T12:40:00","date_gmt":"2017-10-09T12:40:00","guid":{"rendered":"http:\/\/reisen.muehlhausen-tourist.de\/?page_id=159"},"modified":"2023-12-11T17:03:29","modified_gmt":"2023-12-11T17:03:29","slug":"stadtfuehrung-thematisch","status":"publish","type":"page","link":"http:\/\/reisen.muehlhausen-tourist.de\/?page_id=159","title":{"rendered":"Stadtf\u00fchrung thematisch"},"content":{"rendered":"<p><img decoding=\"async\" loading=\"lazy\" class=\"size-medium wp-image-160\" src=\"http:\/\/reisen.muehlhausen-tourist.de\/wp-content\/uploads\/2017\/10\/M\u00fcntzer-und-Rabenturm-300x200.jpg\" alt=\"\" width=\"300\" height=\"200\" srcset=\"http:\/\/reisen.muehlhausen-tourist.de\/wp-content\/uploads\/2017\/10\/M\u00fcntzer-und-Rabenturm-300x200.jpg 300w, http:\/\/reisen.muehlhausen-tourist.de\/wp-content\/uploads\/2017\/10\/M\u00fcntzer-und-Rabenturm.jpg 500w\" sizes=\"(max-width: 300px) 100vw, 300px\" \/><\/p>\n<p><span class=\"subject\">Hier biete ich F\u00fchrungen mit Schwerpunkten zum Deutschen <\/span><span class=\"subject\">Bauernkrieg 1525 zur Reformation, und zum Aufenthalt Johann Sebastian <\/span><span class=\"subject\">Bachs in M\u00fchlhausen an.<\/span><\/p>\n<p><span class=\"subject\">F\u00fchrung buchbar ab 5 Personen\u00a0 !!!<\/span><\/p>\n<p><span class=\"subject\"><br \/>\n<\/span><span class=\"subject\" style=\"color: #ff0000;\">Eventuelle \u00c4nderungen der F\u00fchrungspreise behalte ich mir vor.<br \/>\nBei den Preisen der F\u00fchrungen ist keine Umsatzsteuer ausgewiesen laut \u00a7 19 UstG.<\/span><\/p>\n","protected":false},"excerpt":{"rendered":"<p>Hier biete ich F\u00fchrungen mit Schwerpunkten zum Deutschen Bauernkrieg 1525 zur Reformation, und zum Aufenthalt Johann Sebastian Bachs in M\u00fchlhausen an. F\u00fchrung buchbar ab 5 Personen\u00a0 !!! Eventuelle \u00c4nderungen der F\u00fchrungspreise behalte ich mir vor. Bei den Preisen der F\u00fchrungen ist keine Umsatzsteuer ausgewiesen laut \u00a7 19 UstG.<\/p>\n","protected":false},"author":1,"featured_media":0,"parent":0,"menu_order":0,"comment_status":"closed","ping_status":"closed","template":"","meta":[],"_links":{"self":[{"href":"http:\/\/reisen.muehlhausen-tourist.de\/index.php?rest_route=\/wp\/v2\/pages\/159"}],"collection":[{"href":"http:\/\/reisen.muehlhausen-tourist.de\/index.php?rest_route=\/wp\/v2\/pages"}],"about":[{"href":"http:\/\/reisen.muehlhausen-tourist.de\/index.php?rest_route=\/wp\/v2\/types\/page"}],"author":[{"embeddable":true,"href":"http:\/\/reisen.muehlhausen-tourist.de\/index.php?rest_route=\/wp\/v2\/users\/1"}],"replies":[{"embeddable":true,"href":"http:\/\/reisen.muehlhausen-tourist.de\/index.php?rest_route=%2Fwp%2Fv2%2Fcomments&post=159"}],"version-history":[{"count":4,"href":"http:\/\/reisen.muehlhausen-tourist.de\/index.php?rest_route=\/wp\/v2\/pages\/159\/revisions"}],"predecessor-version":[{"id":324,"href":"http:\/\/reisen.muehlhausen-tourist.de\/index.php?rest_route=\/wp\/v2\/pages\/159\/revisions\/324"}],"wp:attachment":[{"href":"http:\/\/reisen.muehlhausen-tourist.de\/index.php?rest_route=%2Fwp%2Fv2%2Fmedia&parent=159"}],"curies":[{"name":"wp","href":"https:\/\/api.w.org\/{rel}","templated":true}]}}