{"id":124,"date":"2017-10-09T11:01:59","date_gmt":"2017-10-09T11:01:59","guid":{"rendered":"http:\/\/reisen.muehlhausen-tourist.de\/?page_id=124"},"modified":"2017-10-09T12:06:45","modified_gmt":"2017-10-09T12:06:45","slug":"gutschein","status":"publish","type":"page","link":"http:\/\/reisen.muehlhausen-tourist.de\/?page_id=124","title":{"rendered":"Gutschein"},"content":{"rendered":"<p><span class=\"subject\">F\u00fcr alle M\u00f6glichkeiten Danke zu sagen, als <strong><span style=\"color: #3366ff;\">Aufmerksamkeit<\/span><\/strong>, als <strong><span style=\"color: #3366ff;\">Geschenk<\/span><\/strong><img decoding=\"async\" loading=\"lazy\" class=\"alignnone size-medium wp-image-139 alignright\" src=\"http:\/\/reisen.muehlhausen-tourist.de\/wp-content\/uploads\/2017\/10\/gutschein-300x209.jpg\" alt=\"\" width=\"300\" height=\"209\" srcset=\"http:\/\/reisen.muehlhausen-tourist.de\/wp-content\/uploads\/2017\/10\/gutschein-300x209.jpg 300w, http:\/\/reisen.muehlhausen-tourist.de\/wp-content\/uploads\/2017\/10\/gutschein.jpg 600w\" sizes=\"(max-width: 300px) 100vw, 300px\" \/> <\/span><span class=\"subject\">oder als <strong><span style=\"color: #3366ff;\">\u00dcberraschung<\/span><\/strong> ist unser Gutschein geeignet. Er beinhaltet alle Leistungen meiner F\u00fchrungen und die F\u00fchrung nat\u00fcrlich.<\/span><\/p>\n","protected":false},"excerpt":{"rendered":"<p>F\u00fcr alle M\u00f6glichkeiten Danke zu sagen, als Aufmerksamkeit, als Geschenk oder als \u00dcberraschung ist unser Gutschein geeignet. Er beinhaltet alle Leistungen meiner F\u00fchrungen und die F\u00fchrung nat\u00fcrlich.<\/p>\n","protected":false},"author":1,"featured_media":0,"parent":0,"menu_order":0,"comment_status":"closed","ping_status":"closed","template":"","meta":[],"_links":{"self":[{"href":"http:\/\/reisen.muehlhausen-tourist.de\/index.php?rest_route=\/wp\/v2\/pages\/124"}],"collection":[{"href":"http:\/\/reisen.muehlhausen-tourist.de\/index.php?rest_route=\/wp\/v2\/pages"}],"about":[{"href":"http:\/\/reisen.muehlhausen-tourist.de\/index.php?rest_route=\/wp\/v2\/types\/page"}],"author":[{"embeddable":true,"href":"http:\/\/reisen.muehlhausen-tourist.de\/index.php?rest_route=\/wp\/v2\/users\/1"}],"replies":[{"embeddable":true,"href":"http:\/\/reisen.muehlhausen-tourist.de\/index.php?rest_route=%2Fwp%2Fv2%2Fcomments&post=124"}],"version-history":[{"count":2,"href":"http:\/\/reisen.muehlhausen-tourist.de\/index.php?rest_route=\/wp\/v2\/pages\/124\/revisions"}],"predecessor-version":[{"id":140,"href":"http:\/\/reisen.muehlhausen-tourist.de\/index.php?rest_route=\/wp\/v2\/pages\/124\/revisions\/140"}],"wp:attachment":[{"href":"http:\/\/reisen.muehlhausen-tourist.de\/index.php?rest_route=%2Fwp%2Fv2%2Fmedia&parent=124"}],"curies":[{"name":"wp","href":"https:\/\/api.w.org\/{rel}","templated":true}]}}