{"id":113,"date":"2017-10-09T10:32:16","date_gmt":"2017-10-09T10:32:16","guid":{"rendered":"http:\/\/reisen.muehlhausen-tourist.de\/?page_id=113"},"modified":"2022-04-20T09:26:38","modified_gmt":"2022-04-20T09:26:38","slug":"partnerlinks","status":"publish","type":"page","link":"http:\/\/reisen.muehlhausen-tourist.de\/?page_id=113","title":{"rendered":"Partnerlinks"},"content":{"rendered":"<table>\n<tbody>\n<tr bgcolor=\"#D8F6CE\">\n<td width=\"196\">\u00a0Hotel\/Restaurant<\/td>\n<td width=\"217\"><a href=\"http:\/\/www.ammerscherbahnhof.de\/\" target=\"_blank\" rel=\"noopener noreferrer\">Ammerscher Bahnhof<\/a><br \/>\nM\u00fchlhausen<\/td>\n<\/tr>\n<tr>\n<td width=\"196\">\u00a0Wirtshaus<\/td>\n<td width=\"217\"><a href=\"http:\/\/www.antoniusmuehle.de\/start.html\" target=\"_blank\" rel=\"noopener noreferrer\">Antoniusm\u00fchle<br \/>\n<\/a>M\u00fchlhausen<\/td>\n<\/tr>\n<tr bgcolor=\"#D8F6CE\">\n<td width=\"196\">\u00a0Restaurant (asiatisch)<\/td>\n<td width=\"217\"><a href=\"http:\/\/www.restaurant-bambus.de\/index.html\" target=\"_blank\" rel=\"noopener noreferrer\">Bambus<\/a><br \/>\nM\u00fchlhausen<\/td>\n<\/tr>\n<tr>\n<td width=\"196\">\u00a0Hotel\/Restaurant<\/td>\n<td width=\"217\"><a href=\"http:\/\/www.brauhaus-zum-loewen.de\" target=\"_blank\" rel=\"noopener noreferrer\">Brauhaus Zum L\u00f6wen<\/a><br \/>\nM\u00fchlhausen<\/td>\n<\/tr>\n<tr bgcolor=\"#D8F6CE\">\n<td width=\"196\"><\/td>\n<td width=\"217\"><\/td>\n<\/tr>\n<tr>\n<td width=\"196\">\u00a0Hotel<\/td>\n<td width=\"217\"><a href=\"http:\/\/www.muehlhaeuser-hof.de\" target=\"_blank\" rel=\"noopener noreferrer\">M\u00fchlh\u00e4user Hof<\/a><br \/>\nM\u00fchlhausen<\/td>\n<\/tr>\n<tr bgcolor=\"#D8F6CE\">\n<td width=\"196\">\u00a0Hotel\/Gasthof<\/td>\n<td width=\"217\"><a href=\"http:\/\/www.hotel-rettelbusch.de\" target=\"_blank\" rel=\"noopener noreferrer\">Rennstieg Hotel &amp; Gasthof Rettelbusch<br \/>\n<\/a>Kammerforst<b><br \/>\n<\/b><\/td>\n<\/tr>\n<tr>\n<td width=\"196\"><\/td>\n<td width=\"217\"><\/td>\n<\/tr>\n<tr bgcolor=\"#D8F6CE\">\n<td width=\"196\">\u00a0Speisegastst\u00e4tte<\/td>\n<td width=\"217\"><a href=\"http:\/\/www.seipels-restaurant.de\/\" target=\"_blank\" rel=\"noopener noreferrer\">Seipels Restaurant<\/a><br \/>\nM\u00fchlhausen<\/td>\n<\/tr>\n<tr>\n<td width=\"196\"><\/td>\n<td width=\"217\"><\/td>\n<\/tr>\n<tr bgcolor=\"#D8F6CE\">\n<td width=\"196\">\u00a0Webmaster<\/td>\n<td width=\"217\"><a href=\"http:\/\/www.hans-kuhnert.de\" target=\"_blank\" rel=\"noopener noreferrer\">Hans Kuhnert<\/a><br \/>\nM\u00fchlhausen<\/td>\n<\/tr>\n<tr>\n<td width=\"196\"><\/td>\n<td width=\"217\"><\/td>\n<\/tr>\n<\/tbody>\n<\/table>\n","protected":false},"excerpt":{"rendered":"<p>\u00a0Hotel\/Restaurant Ammerscher Bahnhof M\u00fchlhausen \u00a0Wirtshaus Antoniusm\u00fchle M\u00fchlhausen \u00a0Restaurant (asiatisch) Bambus M\u00fchlhausen \u00a0Hotel\/Restaurant Brauhaus Zum L\u00f6wen M\u00fchlhausen \u00a0Hotel M\u00fchlh\u00e4user Hof M\u00fchlhausen \u00a0Hotel\/Gasthof Rennstieg Hotel &amp; Gasthof Rettelbusch Kammerforst \u00a0Speisegastst\u00e4tte Seipels Restaurant M\u00fchlhausen \u00a0Webmaster Hans Kuhnert M\u00fchlhausen<\/p>\n","protected":false},"author":1,"featured_media":0,"parent":0,"menu_order":0,"comment_status":"closed","ping_status":"closed","template":"","meta":[],"_links":{"self":[{"href":"http:\/\/reisen.muehlhausen-tourist.de\/index.php?rest_route=\/wp\/v2\/pages\/113"}],"collection":[{"href":"http:\/\/reisen.muehlhausen-tourist.de\/index.php?rest_route=\/wp\/v2\/pages"}],"about":[{"href":"http:\/\/reisen.muehlhausen-tourist.de\/index.php?rest_route=\/wp\/v2\/types\/page"}],"author":[{"embeddable":true,"href":"http:\/\/reisen.muehlhausen-tourist.de\/index.php?rest_route=\/wp\/v2\/users\/1"}],"replies":[{"embeddable":true,"href":"http:\/\/reisen.muehlhausen-tourist.de\/index.php?rest_route=%2Fwp%2Fv2%2Fcomments&post=113"}],"version-history":[{"count":6,"href":"http:\/\/reisen.muehlhausen-tourist.de\/index.php?rest_route=\/wp\/v2\/pages\/113\/revisions"}],"predecessor-version":[{"id":306,"href":"http:\/\/reisen.muehlhausen-tourist.de\/index.php?rest_route=\/wp\/v2\/pages\/113\/revisions\/306"}],"wp:attachment":[{"href":"http:\/\/reisen.muehlhausen-tourist.de\/index.php?rest_route=%2Fwp%2Fv2%2Fmedia&parent=113"}],"curies":[{"name":"wp","href":"https:\/\/api.w.org\/{rel}","templated":true}]}}