{"id":103,"date":"2017-10-09T10:22:37","date_gmt":"2017-10-09T10:22:37","guid":{"rendered":"http:\/\/reisen.muehlhausen-tourist.de\/?page_id=103"},"modified":"2023-12-11T17:01:57","modified_gmt":"2023-12-11T17:01:57","slug":"sagenabend","status":"publish","type":"page","link":"http:\/\/reisen.muehlhausen-tourist.de\/?page_id=103","title":{"rendered":"Sagenabend"},"content":{"rendered":"<p><span class=\"subject\">Hier haben G\u00e4ste die M\u00f6glichkeit M\u00fchlhausen auf eine<\/span><span class=\"subject\"><img decoding=\"async\" loading=\"lazy\" class=\"size-full wp-image-107 alignright\" src=\"http:\/\/reisen.muehlhausen-tourist.de\/wp-content\/uploads\/2017\/10\/Rathaus_kl.jpg\" alt=\"\" width=\"110\" height=\"164\" \/><\/span><span class=\"subject\"> komplett neue Ar<\/span><span class=\"subject\">t<\/span><span class=\"subject\"> kennen zu lernen. Im Laufe der Jahrhunderte haben sich zahlreiche Sagen um M\u00fchlhausen gebildet, die sich an bestimmte Geb\u00e4ude, Pl\u00e4tze oder Ereignisse der Geschichte ranken.<br \/>\nDer Sagenabend ist besonders empfehlenswert, wenn bereits eine Stadtf\u00fchrung stattgefunden hat und so ein guter Bezug zu dieser Thematik m\u00f6glich ist.<\/span><\/p>\n<p>F\u00fchrung buchbar ab 5 Personen\u00a0 !!!<\/p>\n<p><span class=\"subject\" style=\"color: #ff0000;\">Eventuelle \u00c4nderungen der F\u00fchrungspreise behalte ich mir vor.<br \/>\nBei den Preisen der F\u00fchrungen ist keine Umsatzsteuer ausgewiesen laut \u00a7 19 UstG.<\/span><\/p>\n","protected":false},"excerpt":{"rendered":"<p>Hier haben G\u00e4ste die M\u00f6glichkeit M\u00fchlhausen auf eine komplett neue Art kennen zu lernen. Im Laufe der Jahrhunderte haben sich zahlreiche Sagen um M\u00fchlhausen gebildet, die sich an bestimmte Geb\u00e4ude, Pl\u00e4tze oder Ereignisse der Geschichte ranken. Der Sagenabend ist besonders empfehlenswert, wenn bereits eine Stadtf\u00fchrung stattgefunden hat und so ein guter Bezug zu dieser Thematik &hellip; <\/p>\n<p class=\"link-more\"><a href=\"http:\/\/reisen.muehlhausen-tourist.de\/?page_id=103\" class=\"more-link\"><span class=\"screen-reader-text\">&#8222;Sagenabend&#8220;<\/span> weiterlesen<\/a><\/p>\n","protected":false},"author":1,"featured_media":0,"parent":0,"menu_order":0,"comment_status":"closed","ping_status":"closed","template":"","meta":[],"_links":{"self":[{"href":"http:\/\/reisen.muehlhausen-tourist.de\/index.php?rest_route=\/wp\/v2\/pages\/103"}],"collection":[{"href":"http:\/\/reisen.muehlhausen-tourist.de\/index.php?rest_route=\/wp\/v2\/pages"}],"about":[{"href":"http:\/\/reisen.muehlhausen-tourist.de\/index.php?rest_route=\/wp\/v2\/types\/page"}],"author":[{"embeddable":true,"href":"http:\/\/reisen.muehlhausen-tourist.de\/index.php?rest_route=\/wp\/v2\/users\/1"}],"replies":[{"embeddable":true,"href":"http:\/\/reisen.muehlhausen-tourist.de\/index.php?rest_route=%2Fwp%2Fv2%2Fcomments&post=103"}],"version-history":[{"count":5,"href":"http:\/\/reisen.muehlhausen-tourist.de\/index.php?rest_route=\/wp\/v2\/pages\/103\/revisions"}],"predecessor-version":[{"id":322,"href":"http:\/\/reisen.muehlhausen-tourist.de\/index.php?rest_route=\/wp\/v2\/pages\/103\/revisions\/322"}],"wp:attachment":[{"href":"http:\/\/reisen.muehlhausen-tourist.de\/index.php?rest_route=%2Fwp%2Fv2%2Fmedia&parent=103"}],"curies":[{"name":"wp","href":"https:\/\/api.w.org\/{rel}","templated":true}]}}